{"id":4304,"date":"2024-03-08T09:29:34","date_gmt":"2024-03-08T09:29:34","guid":{"rendered":"https:\/\/dev-fortlauderdaleandmiamidivorce.pantheonsite.io\/blog-list\/"},"modified":"2024-06-28T01:25:17","modified_gmt":"2024-06-28T01:25:17","slug":"blog","status":"publish","type":"page","link":"https:\/\/lindseywilson.com\/es\/blog\/","title":{"rendered":"BLog"},"content":{"rendered":"\t\t<div data-elementor-type=\"wp-page\" data-elementor-id=\"4304\" class=\"elementor elementor-4304\">\n\t\t\t\t<div class=\"elementor-element elementor-element-0959665 e-con-full e-flex wpr-particle-no wpr-jarallax-no wpr-parallax-no wpr-sticky-section-no e-con e-parent\" data-id=\"0959665\" data-element_type=\"container\" data-settings=\"{&quot;background_background&quot;:&quot;classic&quot;}\">\n\t\t\t\t<div class=\"elementor-element elementor-element-4ffc23d font-proxima elementor-widget elementor-widget-heading\" data-id=\"4ffc23d\" data-element_type=\"widget\" data-widget_type=\"heading.default\">\n\t\t\t\t<div class=\"elementor-widget-container\">\n\t\t\t<style>\/*! elementor - v3.22.0 - 17-06-2024 *\/\n.elementor-heading-title{padding:0;margin:0;line-height:1}.elementor-widget-heading .elementor-heading-title[class*=elementor-size-]>a{color:inherit;font-size:inherit;line-height:inherit}.elementor-widget-heading .elementor-heading-title.elementor-size-small{font-size:15px}.elementor-widget-heading .elementor-heading-title.elementor-size-medium{font-size:19px}.elementor-widget-heading .elementor-heading-title.elementor-size-large{font-size:29px}.elementor-widget-heading .elementor-heading-title.elementor-size-xl{font-size:39px}.elementor-widget-heading .elementor-heading-title.elementor-size-xxl{font-size:59px}<\/style><h2 class=\"elementor-heading-title elementor-size-default\">All Blogs<\/h2>\t\t<\/div>\n\t\t\t\t<\/div>\n\t\t\t\t<\/div>\n\t\t<div class=\"elementor-element elementor-element-d982406 e-flex e-con-boxed wpr-particle-no wpr-jarallax-no wpr-parallax-no wpr-sticky-section-no e-con e-parent\" data-id=\"d982406\" data-element_type=\"container\">\n\t\t\t\t\t<div class=\"e-con-inner\">\n\t\t<div class=\"elementor-element elementor-element-5de623f e-flex e-con-boxed wpr-particle-no wpr-jarallax-no wpr-parallax-no wpr-sticky-section-no e-con e-child\" data-id=\"5de623f\" data-element_type=\"container\">\n\t\t\t\t\t<div class=\"e-con-inner\">\n\t\t\t\t<div class=\"elementor-element elementor-element-6586150 wpr-grid-columns-3 wpr-grid-columns--widescreen3 wpr-grid-columns--laptop3 elementor-widget__width-inherit wpr-grid-columns--tablet_extra3 wpr-grid-columns--tablet2 wpr-grid-columns--mobile_extra2 wpr-grid-columns--mobile1 wpr-grid-pagination-center wpr-item-styles-inner elementor-widget elementor-widget-wpr-grid\" data-id=\"6586150\" data-element_type=\"widget\" data-widget_type=\"wpr-grid.default\">\n\t\t\t\t<div class=\"elementor-widget-container\">\n\t\t\t<ul class=\"wpr-grid-filters elementor-clearfix wpr-grid-filters-sep-right\"><li class=\" wpr-pointer-none wpr-pointer-line-fx wpr-pointer-fx-none\"><span data-filter=\"*\" class=\"wpr-active-filter \">All Posts<\/span><em class=\"wpr-grid-filters-sep\"><\/em><\/li><li class=\" wpr-pointer-none wpr-pointer-line-fx wpr-pointer-fx-none\"><span  data-filter=\".category-sin-categorizar\">Sin categorizar<\/span><em class=\"wpr-grid-filters-sep\"><\/em><\/li><\/ul><section class=\"wpr-grid elementor-clearfix\" data-settings=\"{&quot;layout&quot;:&quot;fitRows&quot;,&quot;stick_last_element_to_bottom&quot;:&quot;&quot;,&quot;columns_desktop&quot;:&quot;3&quot;,&quot;gutter_hr&quot;:30,&quot;gutter_hr_mobile&quot;:30,&quot;gutter_hr_mobile_extra&quot;:30,&quot;gutter_hr_tablet&quot;:30,&quot;gutter_hr_tablet_extra&quot;:30,&quot;gutter_hr_laptop&quot;:30,&quot;gutter_hr_widescreen&quot;:30,&quot;gutter_vr&quot;:30,&quot;gutter_vr_mobile&quot;:30,&quot;gutter_vr_mobile_extra&quot;:30,&quot;gutter_vr_tablet&quot;:20,&quot;gutter_vr_tablet_extra&quot;:30,&quot;gutter_vr_laptop&quot;:30,&quot;gutter_vr_widescreen&quot;:70,&quot;animation&quot;:&quot;zoom&quot;,&quot;animation_duration&quot;:0.3,&quot;animation_delay&quot;:0.1,&quot;deeplinking&quot;:&quot;&quot;,&quot;filters_linkable&quot;:&quot;no&quot;,&quot;filters_default_filter&quot;:&quot;&quot;,&quot;filters_count&quot;:&quot;&quot;,&quot;filters_hide_empty&quot;:&quot;no&quot;,&quot;filters_animation&quot;:&quot;default&quot;,&quot;filters_animation_duration&quot;:0.3,&quot;filters_animation_delay&quot;:0.1,&quot;pagination_type&quot;:&quot;load-more&quot;,&quot;pagination_max_pages&quot;:1,&quot;lightbox&quot;:{&quot;selector&quot;:&quot;.wpr-grid-image-wrap&quot;,&quot;iframeMaxWidth&quot;:&quot;60%&quot;,&quot;hash&quot;:false,&quot;autoplay&quot;:&quot;true&quot;,&quot;pause&quot;:5000,&quot;progressBar&quot;:&quot;true&quot;,&quot;counter&quot;:&quot;true&quot;,&quot;controls&quot;:&quot;true&quot;,&quot;getCaptionFromTitleOrAlt&quot;:&quot;true&quot;,&quot;thumbnail&quot;:&quot;&quot;,&quot;showThumbByDefault&quot;:&quot;&quot;,&quot;share&quot;:&quot;&quot;,&quot;zoom&quot;:&quot;true&quot;,&quot;fullScreen&quot;:&quot;true&quot;,&quot;download&quot;:&quot;true&quot;}}\"><article class=\"wpr-grid-item elementor-clearfix post-3314 post type-post status-publish format-standard has-post-thumbnail hentry category-sin-categorizar tag-child-support-enforcement-es tag-child-support-modification-es tag-florida-child-support-es tag-sarasota-divorce-attorney-es\"><div class=\"wpr-grid-item-inner\"><div class=\"wpr-grid-media-wrap wpr-effect-size-medium \" data-overlay-link=\"yes\"><div class=\"wpr-grid-image-wrap\" data-src=\"https:\/\/lindseywilson.com\/wp-content\/uploads\/2015\/12\/child-support-calculator.jpg\" data-img-on-hover=\"\"  data-src-secondary=\"\"><img decoding=\"async\" data-no-lazy=\"1\" src=\"https:\/\/lindseywilson.com\/wp-content\/uploads\/2015\/12\/child-support-calculator.jpg\" alt=\"Types of Income Included in Florida Child Support\" class=\"wpr-anim-timing-ease-default\"><\/div><div class=\"wpr-grid-media-hover wpr-animation-wrap\"><div class=\"wpr-grid-media-hover-bg  wpr-overlay-fade-in wpr-anim-size-large wpr-anim-timing-ease-default wpr-anim-transparency\" data-url=\"https:\/\/lindseywilson.com\/es\/income-florida-child-support\/\"><\/div><\/div><\/div><div class=\"wpr-grid-item-below-content elementor-clearfix\"><h2 class=\"wpr-grid-item-title elementor-repeater-item-b65e172 wpr-grid-item-display-block wpr-grid-item-align-left wpr-pointer-none wpr-pointer-line-fx wpr-pointer-fx-fade\"><div class=\"inner-block\"><a target=\"_self\"  href=\"https:\/\/lindseywilson.com\/es\/income-florida-child-support\/\">Types of Income Included in Florida Child Support<\/a><\/div><\/h2><div class=\"wpr-grid-item-excerpt elementor-repeater-item-9dc7ef8 wpr-grid-item-display-block wpr-grid-item-align-left\"><div class=\"inner-block\"><p>Los tribunales calculan la manutenci\u00f3n de los hijos de Florida utilizando todos sus ingresos o ingresos brutos. Existen pautas de manutenci\u00f3n infantil en Florida que los padres pueden usar para determinar el monto de manutenci\u00f3n infantil que deber\u00e1n pagar de acuerdo con el Estatuto 61.30 de Florida. Recuerde que su&hellip;<\/p><\/div><\/div><div class=\"wpr-grid-item-read-more elementor-repeater-item-eb02105 wpr-grid-item-display-block wpr-grid-item-align-left\"><div class=\"inner-block\"><a target=\"_self\" href=\"https:\/\/lindseywilson.com\/es\/income-florida-child-support\/\" class=\"wpr-button-effect wpr-button-none\"><span class=\"wpr-grid-extra-icon-left\"><\/span><span>Learn More<\/span><\/a><\/div><\/div><\/div><\/div><\/article><article class=\"wpr-grid-item elementor-clearfix post-3316 post type-post status-publish format-standard has-post-thumbnail hentry category-sin-categorizar tag-best-interests-of-the-children-es tag-child-support-es tag-florida-divorce-attorney-es tag-parenting-plan-es tag-sarasota-divorce-attorney-es\"><div class=\"wpr-grid-item-inner\"><div class=\"wpr-grid-media-wrap wpr-effect-size-medium \" data-overlay-link=\"yes\"><div class=\"wpr-grid-image-wrap\" data-src=\"https:\/\/lindseywilson.com\/wp-content\/uploads\/2016\/01\/o-PARENTS-DIVORCE-facebook.jpg\" data-img-on-hover=\"\"  data-src-secondary=\"\"><img decoding=\"async\" data-no-lazy=\"1\" src=\"https:\/\/lindseywilson.com\/wp-content\/uploads\/2016\/01\/o-PARENTS-DIVORCE-facebook.jpg\" alt=\"Parenting Plan for Complex Florida Divorce Cases &#8211; \u00abNesting\u00bb\" class=\"wpr-anim-timing-ease-default\"><\/div><div class=\"wpr-grid-media-hover wpr-animation-wrap\"><div class=\"wpr-grid-media-hover-bg  wpr-overlay-fade-in wpr-anim-size-large wpr-anim-timing-ease-default wpr-anim-transparency\" data-url=\"https:\/\/lindseywilson.com\/es\/parenting-plan-florida\/\"><\/div><\/div><\/div><div class=\"wpr-grid-item-below-content elementor-clearfix\"><h2 class=\"wpr-grid-item-title elementor-repeater-item-b65e172 wpr-grid-item-display-block wpr-grid-item-align-left wpr-pointer-none wpr-pointer-line-fx wpr-pointer-fx-fade\"><div class=\"inner-block\"><a target=\"_self\"  href=\"https:\/\/lindseywilson.com\/es\/parenting-plan-florida\/\">Parenting Plan for Complex Florida Divorce Cases &#8211; \u00abNesting\u00bb<\/a><\/div><\/h2><div class=\"wpr-grid-item-excerpt elementor-repeater-item-9dc7ef8 wpr-grid-item-display-block wpr-grid-item-align-left\"><div class=\"inner-block\"><p>Si est\u00e1 pasando por un divorcio en Florida que involucra ni\u00f1os, escuchar\u00e1 repetidamente la frase: \u00aben el mejor inter\u00e9s de los ni\u00f1os\u00bb o \u00abplan de crianza\u00bb una y otra vez. Probablemente lo escuchar\u00e1 de su abogado, de la parte contraria o del abogado contrario e, incluso, del juez asignado a&hellip;<\/p><\/div><\/div><div class=\"wpr-grid-item-read-more elementor-repeater-item-eb02105 wpr-grid-item-display-block wpr-grid-item-align-left\"><div class=\"inner-block\"><a target=\"_self\" href=\"https:\/\/lindseywilson.com\/es\/parenting-plan-florida\/\" class=\"wpr-button-effect wpr-button-none\"><span class=\"wpr-grid-extra-icon-left\"><\/span><span>Learn More<\/span><\/a><\/div><\/div><\/div><\/div><\/article><article class=\"wpr-grid-item elementor-clearfix post-3315 post type-post status-publish format-standard has-post-thumbnail hentry category-sin-categorizar tag-alimony-es tag-child-support-es tag-dissolution-of-marriage-es tag-equitable-distribution-es tag-florida-divorce-es tag-spousal-support-es\"><div class=\"wpr-grid-item-inner\"><div class=\"wpr-grid-media-wrap wpr-effect-size-medium \" data-overlay-link=\"yes\"><div class=\"wpr-grid-image-wrap\" data-src=\"https:\/\/lindseywilson.com\/wp-content\/uploads\/2016\/01\/divorce460.jpg\" data-img-on-hover=\"\"  data-src-secondary=\"\"><img decoding=\"async\" data-no-lazy=\"1\" src=\"https:\/\/lindseywilson.com\/wp-content\/uploads\/2016\/01\/divorce460.jpg\" alt=\"The Florida Divorce Process\" class=\"wpr-anim-timing-ease-default\"><\/div><div class=\"wpr-grid-media-hover wpr-animation-wrap\"><div class=\"wpr-grid-media-hover-bg  wpr-overlay-fade-in wpr-anim-size-large wpr-anim-timing-ease-default wpr-anim-transparency\" data-url=\"https:\/\/lindseywilson.com\/es\/florida-divorce-process\/\"><\/div><\/div><\/div><div class=\"wpr-grid-item-below-content elementor-clearfix\"><h2 class=\"wpr-grid-item-title elementor-repeater-item-b65e172 wpr-grid-item-display-block wpr-grid-item-align-left wpr-pointer-none wpr-pointer-line-fx wpr-pointer-fx-fade\"><div class=\"inner-block\"><a target=\"_self\"  href=\"https:\/\/lindseywilson.com\/es\/florida-divorce-process\/\">The Florida Divorce Process<\/a><\/div><\/h2><div class=\"wpr-grid-item-excerpt elementor-repeater-item-9dc7ef8 wpr-grid-item-display-block wpr-grid-item-align-left\"><div class=\"inner-block\"><p>La mayor\u00eda de las personas han escuchado t\u00e9rminos relacionados con el divorcio, como \u00abmanutenci\u00f3n de los hijos\u00bb, \u00abcustodia\u00bb y \u00abpensi\u00f3n alimenticia\u00bb, pero no comprenden completamente qu\u00e9 significan ni c\u00f3mo se determinan. Los abogados de Lindsey Wilson le ayudar\u00e1n a comprender el proceso de divorcio en Florida y las cuestiones clave&hellip;<\/p><\/div><\/div><div class=\"wpr-grid-item-read-more elementor-repeater-item-eb02105 wpr-grid-item-display-block wpr-grid-item-align-left\"><div class=\"inner-block\"><a target=\"_self\" href=\"https:\/\/lindseywilson.com\/es\/florida-divorce-process\/\" class=\"wpr-button-effect wpr-button-none\"><span class=\"wpr-grid-extra-icon-left\"><\/span><span>Learn More<\/span><\/a><\/div><\/div><\/div><\/div><\/article><\/section>\t\t<\/div>\n\t\t\t\t<\/div>\n\t\t\t\t\t<\/div>\n\t\t\t\t<\/div>\n\t\t\t\t\t<\/div>\n\t\t\t\t<\/div>\n\t\t\t\t<\/div>\n\t\t","protected":false},"excerpt":{"rendered":"<p>All Blogs All Posts Uncategorized Types of Income Included in Florida Child Support Florida child support is calculated by courts using all of your income or gross income.\u00a0There are child support guidelines in Florida that parents can use to determine the amount of child support that they would be required to make pursuant to Florida&#8230;<\/p>\n<div class=\" [&hellip;]\"><a href=\"https:\/\/lindseywilson.com\/es\/florida-divorce-process\/\">Read More<\/a><\/div>\n","protected":false},"author":1,"featured_media":0,"parent":0,"menu_order":0,"comment_status":"closed","ping_status":"closed","template":"elementor_header_footer","meta":{"_mi_skip_tracking":false,"footnotes":""},"class_list":["post-4304","page","type-page","status-publish","hentry"],"yoast_head":"<!-- This site is optimized with the Yoast SEO plugin v19.13 - https:\/\/yoast.com\/wordpress\/plugins\/seo\/ -->\n<title>BLog - Lindsey Wilson Law<\/title>\n<meta name=\"robots\" content=\"index, follow, max-snippet:-1, max-image-preview:large, max-video-preview:-1\" \/>\n<link rel=\"canonical\" href=\"https:\/\/lindseywilson.com\/es\/blog\/\" \/>\n<meta property=\"og:locale\" content=\"es_ES\" \/>\n<meta property=\"og:type\" content=\"article\" \/>\n<meta property=\"og:title\" content=\"BLog - Lindsey Wilson Law\" \/>\n<meta property=\"og:description\" content=\"All Blogs All Posts Uncategorized Types of Income Included in Florida Child Support Florida child support is calculated by courts using all of your income or gross income.\u00a0There are child support guidelines in Florida that parents can use to determine the amount of child support that they would be required to make pursuant to Florida...Read More\" \/>\n<meta property=\"og:url\" content=\"https:\/\/lindseywilson.com\/es\/blog\/\" \/>\n<meta property=\"og:site_name\" content=\"Lindsey Wilson Law\" \/>\n<meta property=\"article:modified_time\" content=\"2024-06-28T01:25:17+00:00\" \/>\n<meta property=\"og:image\" content=\"https:\/\/dev-fortlauderdaleandmiamidivorce.pantheonsite.io\/wp-content\/uploads\/2015\/12\/child-support-calculator.jpg\" \/>\n<meta name=\"twitter:card\" content=\"summary_large_image\" \/>\n<meta name=\"twitter:label1\" content=\"Est. reading time\" \/>\n\t<meta name=\"twitter:data1\" content=\"3 minutos\" \/>\n<script type=\"application\/ld+json\" class=\"yoast-schema-graph\">{\"@context\":\"https:\/\/schema.org\",\"@graph\":[{\"@type\":\"WebPage\",\"@id\":\"https:\/\/lindseywilson.com\/es\/blog\/\",\"url\":\"https:\/\/lindseywilson.com\/es\/blog\/\",\"name\":\"BLog - Lindsey Wilson Law\",\"isPartOf\":{\"@id\":\"https:\/\/lindseywilson.com\/#website\"},\"datePublished\":\"2024-03-08T09:29:34+00:00\",\"dateModified\":\"2024-06-28T01:25:17+00:00\",\"breadcrumb\":{\"@id\":\"https:\/\/lindseywilson.com\/es\/blog\/#breadcrumb\"},\"inLanguage\":\"es\",\"potentialAction\":[{\"@type\":\"ReadAction\",\"target\":[\"https:\/\/lindseywilson.com\/es\/blog\/\"]}]},{\"@type\":\"BreadcrumbList\",\"@id\":\"https:\/\/lindseywilson.com\/es\/blog\/#breadcrumb\",\"itemListElement\":[{\"@type\":\"ListItem\",\"position\":1,\"name\":\"Home\",\"item\":\"https:\/\/live-fortlauderdaleandmiamidivorce.pantheonsite.io\/es\/\"},{\"@type\":\"ListItem\",\"position\":2,\"name\":\"BLog\"}]},{\"@type\":\"WebSite\",\"@id\":\"https:\/\/lindseywilson.com\/#website\",\"url\":\"https:\/\/lindseywilson.com\/\",\"name\":\"Lindsey Wilson Law\",\"description\":\"Divorce and Family Law Attorney\",\"publisher\":{\"@id\":\"https:\/\/lindseywilson.com\/#organization\"},\"potentialAction\":[{\"@type\":\"SearchAction\",\"target\":{\"@type\":\"EntryPoint\",\"urlTemplate\":\"https:\/\/lindseywilson.com\/?s={search_term_string}\"},\"query-input\":\"required name=search_term_string\"}],\"inLanguage\":\"es\"},{\"@type\":\"Organization\",\"@id\":\"https:\/\/lindseywilson.com\/#organization\",\"name\":\"Lindsey Wilson, PLLC\",\"url\":\"https:\/\/lindseywilson.com\/\",\"logo\":{\"@type\":\"ImageObject\",\"inLanguage\":\"es\",\"@id\":\"https:\/\/lindseywilson.com\/#\/schema\/logo\/image\/\",\"url\":\"https:\/\/live-fortlauderdaleandmiamidivorce.pantheonsite.io\/wp-content\/uploads\/2016\/01\/Wilsonlaw-Facebook-banner-2.jpg\",\"contentUrl\":\"https:\/\/live-fortlauderdaleandmiamidivorce.pantheonsite.io\/wp-content\/uploads\/2016\/01\/Wilsonlaw-Facebook-banner-2.jpg\",\"width\":852,\"height\":316,\"caption\":\"Lindsey Wilson, PLLC\"},\"image\":{\"@id\":\"https:\/\/lindseywilson.com\/#\/schema\/logo\/image\/\"}}]}<\/script>\n<!-- \/ Yoast SEO plugin. -->","yoast_head_json":{"title":"BLog - Lindsey Wilson Law","robots":{"index":"index","follow":"follow","max-snippet":"max-snippet:-1","max-image-preview":"max-image-preview:large","max-video-preview":"max-video-preview:-1"},"canonical":"https:\/\/lindseywilson.com\/es\/blog\/","og_locale":"es_ES","og_type":"article","og_title":"BLog - Lindsey Wilson Law","og_description":"All Blogs All Posts Uncategorized Types of Income Included in Florida Child Support Florida child support is calculated by courts using all of your income or gross income.\u00a0There are child support guidelines in Florida that parents can use to determine the amount of child support that they would be required to make pursuant to Florida...Read More","og_url":"https:\/\/lindseywilson.com\/es\/blog\/","og_site_name":"Lindsey Wilson Law","article_modified_time":"2024-06-28T01:25:17+00:00","og_image":[{"url":"https:\/\/dev-fortlauderdaleandmiamidivorce.pantheonsite.io\/wp-content\/uploads\/2015\/12\/child-support-calculator.jpg"}],"twitter_card":"summary_large_image","twitter_misc":{"Est. reading time":"3 minutos"},"schema":{"@context":"https:\/\/schema.org","@graph":[{"@type":"WebPage","@id":"https:\/\/lindseywilson.com\/es\/blog\/","url":"https:\/\/lindseywilson.com\/es\/blog\/","name":"BLog - Lindsey Wilson Law","isPartOf":{"@id":"https:\/\/lindseywilson.com\/#website"},"datePublished":"2024-03-08T09:29:34+00:00","dateModified":"2024-06-28T01:25:17+00:00","breadcrumb":{"@id":"https:\/\/lindseywilson.com\/es\/blog\/#breadcrumb"},"inLanguage":"es","potentialAction":[{"@type":"ReadAction","target":["https:\/\/lindseywilson.com\/es\/blog\/"]}]},{"@type":"BreadcrumbList","@id":"https:\/\/lindseywilson.com\/es\/blog\/#breadcrumb","itemListElement":[{"@type":"ListItem","position":1,"name":"Home","item":"https:\/\/live-fortlauderdaleandmiamidivorce.pantheonsite.io\/es\/"},{"@type":"ListItem","position":2,"name":"BLog"}]},{"@type":"WebSite","@id":"https:\/\/lindseywilson.com\/#website","url":"https:\/\/lindseywilson.com\/","name":"Lindsey Wilson Law","description":"Divorce and Family Law Attorney","publisher":{"@id":"https:\/\/lindseywilson.com\/#organization"},"potentialAction":[{"@type":"SearchAction","target":{"@type":"EntryPoint","urlTemplate":"https:\/\/lindseywilson.com\/?s={search_term_string}"},"query-input":"required name=search_term_string"}],"inLanguage":"es"},{"@type":"Organization","@id":"https:\/\/lindseywilson.com\/#organization","name":"Lindsey Wilson, PLLC","url":"https:\/\/lindseywilson.com\/","logo":{"@type":"ImageObject","inLanguage":"es","@id":"https:\/\/lindseywilson.com\/#\/schema\/logo\/image\/","url":"https:\/\/live-fortlauderdaleandmiamidivorce.pantheonsite.io\/wp-content\/uploads\/2016\/01\/Wilsonlaw-Facebook-banner-2.jpg","contentUrl":"https:\/\/live-fortlauderdaleandmiamidivorce.pantheonsite.io\/wp-content\/uploads\/2016\/01\/Wilsonlaw-Facebook-banner-2.jpg","width":852,"height":316,"caption":"Lindsey Wilson, PLLC"},"image":{"@id":"https:\/\/lindseywilson.com\/#\/schema\/logo\/image\/"}}]}},"_links":{"self":[{"href":"https:\/\/lindseywilson.com\/es\/wp-json\/wp\/v2\/pages\/4304","targetHints":{"allow":["GET"]}}],"collection":[{"href":"https:\/\/lindseywilson.com\/es\/wp-json\/wp\/v2\/pages"}],"about":[{"href":"https:\/\/lindseywilson.com\/es\/wp-json\/wp\/v2\/types\/page"}],"author":[{"embeddable":true,"href":"https:\/\/lindseywilson.com\/es\/wp-json\/wp\/v2\/users\/1"}],"replies":[{"embeddable":true,"href":"https:\/\/lindseywilson.com\/es\/wp-json\/wp\/v2\/comments?post=4304"}],"version-history":[{"count":4,"href":"https:\/\/lindseywilson.com\/es\/wp-json\/wp\/v2\/pages\/4304\/revisions"}],"predecessor-version":[{"id":4726,"href":"https:\/\/lindseywilson.com\/es\/wp-json\/wp\/v2\/pages\/4304\/revisions\/4726"}],"wp:attachment":[{"href":"https:\/\/lindseywilson.com\/es\/wp-json\/wp\/v2\/media?parent=4304"}],"curies":[{"name":"wp","href":"https:\/\/api.w.org\/{rel}","templated":true}]}}